{"id":15391,"date":"2026-02-08T18:20:28","date_gmt":"2026-02-08T18:20:28","guid":{"rendered":"https:\/\/hiip.hu\/?post_type=product&#038;p=15391"},"modified":"2026-04-01T15:48:14","modified_gmt":"2026-04-01T15:48:14","slug":"csipkebogyos-zold-feher-bogre-szurovel","status":"publish","type":"product","link":"https:\/\/hiip.hu\/en\/product\/csipkebogyos-zold-feher-bogre-szurovel\/","title":{"rendered":"Csipkebogy\u00f3s, z\u00f6ld-feh\u00e9r b\u00f6gre sz\u0171r\u0151vel"},"content":{"rendered":"","protected":false},"excerpt":{"rendered":"<p>A csipketea csipk\u00e9s b\u00f6gr\u00e9b\u0151l az igazi! Ez\u00e9rt h\u00e1romf\u00e9le egyedi tervez\u00e9s\u0171 HIIP ker\u00e1miab\u00f6gr\u00e9vel k\u00e9sz\u00fclt\u00fcnk, melyek csak arra v\u00e1rnak, hogy bel\u0151l\u00fck kortyolgasd a finom te\u00e1t. A hazai k\u00e9zm\u0171ves sz\u00e9ps\u00e9geket magyar iparm\u0171v\u00e9sz k\u00e9sz\u00edti sz\u00edvvel-l\u00e9lekkel. Minden b\u00f6gre ker\u00e1miasz\u0171r\u0151vel \u00e9s egy csinos kis fed\u0151vel \u00e9rkezik. Nincs m\u00e1s h\u00e1tra, mint \u00e9lvezni a te\u00e1z\u00e1st, st\u00edlusosan!<\/p>","protected":false},"featured_media":15392,"template":"","meta":{"_monsterinsights_skip_tracking":false,"_monsterinsights_sitenote_active":false,"_monsterinsights_sitenote_note":"","_monsterinsights_sitenote_category":0,"_themeisle_gutenberg_block_has_review":false},"product_brand":[],"product_cat":[116],"product_tag":[],"class_list":{"0":"post-15391","1":"product","2":"type-product","3":"status-publish","4":"has-post-thumbnail","6":"product_cat-szuros-bogrek","8":"first","9":"instock","10":"shipping-taxable","11":"product-type-simple"},"_links":{"self":[{"href":"https:\/\/hiip.hu\/en\/wp-json\/wp\/v2\/product\/15391","targetHints":{"allow":["GET"]}}],"collection":[{"href":"https:\/\/hiip.hu\/en\/wp-json\/wp\/v2\/product"}],"about":[{"href":"https:\/\/hiip.hu\/en\/wp-json\/wp\/v2\/types\/product"}],"version-history":[{"count":2,"href":"https:\/\/hiip.hu\/en\/wp-json\/wp\/v2\/product\/15391\/revisions"}],"predecessor-version":[{"id":15402,"href":"https:\/\/hiip.hu\/en\/wp-json\/wp\/v2\/product\/15391\/revisions\/15402"}],"wp:featuredmedia":[{"embeddable":true,"href":"https:\/\/hiip.hu\/en\/wp-json\/wp\/v2\/media\/15392"}],"wp:attachment":[{"href":"https:\/\/hiip.hu\/en\/wp-json\/wp\/v2\/media?parent=15391"}],"wp:term":[{"taxonomy":"product_brand","embeddable":true,"href":"https:\/\/hiip.hu\/en\/wp-json\/wp\/v2\/product_brand?post=15391"},{"taxonomy":"product_cat","embeddable":true,"href":"https:\/\/hiip.hu\/en\/wp-json\/wp\/v2\/product_cat?post=15391"},{"taxonomy":"product_tag","embeddable":true,"href":"https:\/\/hiip.hu\/en\/wp-json\/wp\/v2\/product_tag?post=15391"}],"curies":[{"name":"wp","href":"https:\/\/api.w.org\/{rel}","templated":true}]}}