{"id":14175,"date":"2025-02-27T14:29:21","date_gmt":"2025-02-27T14:29:21","guid":{"rendered":"https:\/\/hiip.hu\/?post_type=product&#038;p=14175"},"modified":"2025-04-18T17:21:21","modified_gmt":"2025-04-18T17:21:21","slug":"csipkebogyomag-olaj","status":"publish","type":"product","link":"https:\/\/hiip.hu\/en\/product\/csipkebogyomag-olaj\/","title":{"rendered":"Csipkebogy\u00f3mag-olaj"},"content":{"rendered":"<h3 class=\"\" data-start=\"229\" data-end=\"296\"><strong data-start=\"233\" data-end=\"296\">Mit v\u00e1rhatsz a csipkebogy\u00f3magolaj rendszeres haszn\u00e1lat\u00e1t\u00f3l?<\/strong><\/h3>\n<p class=\"\" data-start=\"298\" data-end=\"546\">A csipkebogy\u00f3magolaj nem csup\u00e1n egy term\u00e9szetes sz\u00e9ps\u00e9g\u00e1pol\u00f3 term\u00e9k \u2013 val\u00f3j\u00e1ban egy sokoldal\u00fa, b\u0151rmeg\u00faj\u00edt\u00f3 hat\u00e1s\u00fa elix\u00edr, amelyet \u00e9rdemes be\u00e9p\u00edtened a napi rutinodba, ha term\u00e9szetes megold\u00e1st keresel b\u0151r\u00f6d eg\u00e9szs\u00e9g\u00e9nek \u00e9s ragyog\u00e1s\u00e1nak t\u00e1mogat\u00e1s\u00e1ra.<\/p>\n<h5 data-start=\"548\" data-end=\"865\">\ud83d\udca7 <strong data-start=\"551\" data-end=\"598\">Intenz\u00edv hidrat\u00e1l\u00e1s, zs\u00edros ut\u00f3\u00e9rzet n\u00e9lk\u00fcl<\/strong><\/h5>\n<p class=\"\" data-start=\"548\" data-end=\"865\">A csipkebogy\u00f3magolaj k\u00fcl\u00f6nleges \u00f6sszet\u00e9tele \u2013 benne linolsavval, linol\u00e9nsavval \u00e9s A-vitaminsz\u00e1rmaz\u00e9kokkal \u2013 seg\u00edt meg\u0151rizni a b\u0151r nedvess\u00e9gtartalm\u00e1t an\u00e9lk\u00fcl, hogy elnehez\u00edten\u00e9 vagy elt\u00f6m\u00edten\u00e9 a p\u00f3rusokat. Ide\u00e1lis norm\u00e1l, sz\u00e1raz, v\u00edzhi\u00e1nyos \u00e9s ak\u00e1r zs\u00edros b\u0151rre is.<\/p>\n<h5 data-start=\"867\" data-end=\"1196\">\ud83c\udf3f <strong data-start=\"870\" data-end=\"918\">Term\u00e9szetes b\u0151rmeg\u00faj\u00edt\u00e1s \u00e9s anti-aging hat\u00e1s<\/strong><\/h5>\n<p class=\"\" data-start=\"867\" data-end=\"1196\">A benne l\u00e9v\u0151 term\u00e9szetes retinoidok serkentik a b\u0151r sejtmeg\u00fajul\u00e1s\u00e1t \u00e9s kollag\u00e9ntermel\u00e9s\u00e9t, ami seg\u00edthet a finom r\u00e1ncok kisim\u00edt\u00e1s\u00e1ban, valamint a b\u0151r rugalmass\u00e1g\u00e1nak \u00e9s t\u00f3nus\u00e1nak jav\u00edt\u00e1s\u00e1ban. M\u00e1r n\u00e9h\u00e1ny h\u00e9t haszn\u00e1lat ut\u00e1n \u00e9rezhet\u0151 a k\u00fcl\u00f6nbs\u00e9g: sim\u00e1bb, puh\u00e1bb, fiatalosabb b\u0151r.<\/p>\n<h5 data-start=\"1198\" data-end=\"1453\">\ud83c\udf1e <strong data-start=\"1201\" data-end=\"1247\">Pigmentfoltok \u00e9s napk\u00e1rosod\u00e1s halv\u00e1ny\u00edt\u00e1sa<\/strong><\/h5>\n<p class=\"\" data-start=\"1198\" data-end=\"1453\">A csipkebogy\u00f3magolaj rendszeres alkalmaz\u00e1sa seg\u00edthet cs\u00f6kkenteni a nap okozta foltokat, akn\u00e9s hegeket, valamint a b\u0151regyenetlens\u00e9geket. Nem feh\u00e9r\u00edt, hanem finoman \u00e9s term\u00e9szetesen egys\u00e9ges\u00edti a b\u0151rk\u00e9pet.<\/p>\n<h5 data-start=\"1455\" data-end=\"1687\">\ud83d\udca5 <strong data-start=\"1458\" data-end=\"1495\">Hegek, stri\u00e1k \u00e9s b\u0151rp\u00edr enyh\u00edt\u00e9se<\/strong><\/h5>\n<p class=\"\" data-start=\"1455\" data-end=\"1687\">Legyen sz\u00f3 terhess\u00e9gi cs\u00edkokr\u00f3l, m\u0171t\u00e9ti vagy akn\u00e9s hegekr\u0151l \u2013 a csipkebogy\u00f3magolaj regener\u00e1l\u00f3 tulajdons\u00e1gai seg\u00edtenek a b\u0151r text\u00far\u00e1j\u00e1nak jav\u00edt\u00e1s\u00e1ban \u00e9s a hegek megjelen\u00e9s\u00e9nek m\u00e9rs\u00e9kl\u00e9s\u00e9ben.<\/p>\n<h5 data-start=\"1689\" data-end=\"1957\">\ud83c\udf38 <strong data-start=\"1692\" data-end=\"1716\">\u00c9rz\u00e9keny b\u0151r bar\u00e1tja<\/strong><\/h5>\n<p class=\"\" data-start=\"1689\" data-end=\"1957\">Gyullad\u00e1scs\u00f6kkent\u0151 hat\u00e1sa miatt a csipkebogy\u00f3magolaj nyugtathatja a pirosod\u00e1sra hajlamos, \u00e9rz\u00e9keny vagy ak\u00e1r rosace\u00e1s b\u0151rt is. Tart\u00f3s\u00edt\u00f3szer- \u00e9s illatanyag-mentes v\u00e1ltozatai m\u00e9g az at\u00f3pi\u00e1s b\u0151r sz\u00e1m\u00e1ra is biztons\u00e1gos alternat\u00edv\u00e1t k\u00edn\u00e1lnak.<\/p>\n<h5 data-start=\"1959\" data-end=\"2157\">\u2728 <strong data-start=\"1961\" data-end=\"2000\">Ragyog\u00f3, eg\u00e9szs\u00e9ges megjelen\u00e9s\u0171 b\u0151r<\/strong><\/h5>\n<p class=\"\" data-start=\"1959\" data-end=\"2157\">A csipkebogy\u00f3magolaj rendszeres haszn\u00e1lat\u00e1val a b\u0151r term\u00e9szetes f\u00e9nyt kap, \u00e9lettel telibb\u00e9 v\u00e1lik. A hat\u00e1s nem maszkszer\u0171 \u2013 hanem bel\u00fclr\u0151l fakad\u00f3 ragyog\u00e1s.<\/p>\n<h5 data-start=\"2164\" data-end=\"2396\">\ud83d\udd01 <strong data-start=\"2167\" data-end=\"2196\">Mikor sz\u00e1m\u00edts eredm\u00e9nyre?<\/strong><\/h5>\n<p class=\"\" data-start=\"2164\" data-end=\"2396\">A legl\u00e1tv\u00e1nyosabb hat\u00e1sokat 4\u20136 h\u00e9t rendszeres, napi 1-2 alkalmas haszn\u00e1lat ut\u00e1n tapasztalhatod meg. A b\u0151r regener\u00e1l\u00f3d\u00e1si ciklus\u00e1hoz illeszkedve term\u00e9szetes m\u00f3don, fokozatosan javul a b\u0151r \u00e1llapota.<\/p>","protected":false},"excerpt":{"rendered":"<p>A csipkebogy\u00f3mag-olaj k\u00f6nny\u0171, m\u00e9gis rendk\u00edv\u00fcl t\u00e1pl\u00e1l\u00f3 n\u00f6v\u00e9nyi olaj, amely t\u00e1mogatja a b\u0151r regener\u00e1ci\u00f3j\u00e1t \u00e9s seg\u00edt meg\u0151rizni annak term\u00e9szetes egyens\u00faly\u00e1t. Ez a magolaj ide\u00e1lis v\u00e1laszt\u00e1s \u00e9rz\u00e9keny, sz\u00e1raz vagy \u00e9rett b\u0151r mindennapi \u00e1pol\u00e1s\u00e1ra.<\/p>","protected":false},"featured_media":13947,"template":"","meta":{"_monsterinsights_skip_tracking":false,"_monsterinsights_sitenote_active":false,"_monsterinsights_sitenote_note":"","_monsterinsights_sitenote_category":0,"_themeisle_gutenberg_block_has_review":false},"product_brand":[],"product_cat":[107],"product_tag":[],"class_list":{"0":"post-14175","1":"product","2":"type-product","3":"status-publish","4":"has-post-thumbnail","6":"product_cat-szepsegapolas","8":"first","9":"outofstock","10":"shipping-taxable","11":"product-type-simple"},"_links":{"self":[{"href":"https:\/\/hiip.hu\/en\/wp-json\/wp\/v2\/product\/14175","targetHints":{"allow":["GET"]}}],"collection":[{"href":"https:\/\/hiip.hu\/en\/wp-json\/wp\/v2\/product"}],"about":[{"href":"https:\/\/hiip.hu\/en\/wp-json\/wp\/v2\/types\/product"}],"version-history":[{"count":7,"href":"https:\/\/hiip.hu\/en\/wp-json\/wp\/v2\/product\/14175\/revisions"}],"predecessor-version":[{"id":15205,"href":"https:\/\/hiip.hu\/en\/wp-json\/wp\/v2\/product\/14175\/revisions\/15205"}],"wp:featuredmedia":[{"embeddable":true,"href":"https:\/\/hiip.hu\/en\/wp-json\/wp\/v2\/media\/13947"}],"wp:attachment":[{"href":"https:\/\/hiip.hu\/en\/wp-json\/wp\/v2\/media?parent=14175"}],"wp:term":[{"taxonomy":"product_brand","embeddable":true,"href":"https:\/\/hiip.hu\/en\/wp-json\/wp\/v2\/product_brand?post=14175"},{"taxonomy":"product_cat","embeddable":true,"href":"https:\/\/hiip.hu\/en\/wp-json\/wp\/v2\/product_cat?post=14175"},{"taxonomy":"product_tag","embeddable":true,"href":"https:\/\/hiip.hu\/en\/wp-json\/wp\/v2\/product_tag?post=14175"}],"curies":[{"name":"wp","href":"https:\/\/api.w.org\/{rel}","templated":true}]}}