{"id":15348,"date":"2025-12-07T20:44:32","date_gmt":"2025-12-07T20:44:32","guid":{"rendered":"https:\/\/hiip.hu\/?post_type=product&#038;p=15348"},"modified":"2026-04-01T15:52:03","modified_gmt":"2026-04-01T15:52:03","slug":"csipkebogyos-zold-szappantarto","status":"publish","type":"product","link":"https:\/\/hiip.hu\/de\/produkt\/csipkebogyos-zold-szappantarto\/","title":{"rendered":"Csipkebogy\u00f3s, z\u00f6ld szappantart\u00f3"},"content":{"rendered":"","protected":false},"excerpt":{"rendered":"<p>Ha Te sem szereted, amikor a szappantart\u00f3dban szinte elolvad a szappan a beleker\u00fcl\u0151 v\u00edzt\u0151l, szeretettel aj\u00e1nljuk k\u00e9tr\u00e9szes szappantart\u00f3inkat. A hazai k\u00e9zm\u0171ves ker\u00e1mi\u00e1k \u00f6tf\u00e9le diz\u00e1jnnal deb\u00fct\u00e1lnak, melyek k\u00f6z\u00f6tt term\u00e9szetesen csipkebogy\u00f3sakat is tal\u00e1lsz. Melyik\u00fck lesz f\u00fcrd\u0151szob\u00e1d \u00e9ke?<\/p>","protected":false},"featured_media":15349,"template":"","meta":{"_monsterinsights_skip_tracking":false,"_monsterinsights_sitenote_active":false,"_monsterinsights_sitenote_note":"","_monsterinsights_sitenote_category":0,"_themeisle_gutenberg_block_has_review":false},"product_brand":[],"product_cat":[115],"product_tag":[],"class_list":{"0":"post-15348","1":"product","2":"type-product","3":"status-publish","4":"has-post-thumbnail","6":"product_cat-szappantartok","8":"first","9":"instock","10":"shipping-taxable","11":"product-type-simple"},"_links":{"self":[{"href":"https:\/\/hiip.hu\/de\/wp-json\/wp\/v2\/product\/15348","targetHints":{"allow":["GET"]}}],"collection":[{"href":"https:\/\/hiip.hu\/de\/wp-json\/wp\/v2\/product"}],"about":[{"href":"https:\/\/hiip.hu\/de\/wp-json\/wp\/v2\/types\/product"}],"version-history":[{"count":2,"href":"https:\/\/hiip.hu\/de\/wp-json\/wp\/v2\/product\/15348\/revisions"}],"predecessor-version":[{"id":15405,"href":"https:\/\/hiip.hu\/de\/wp-json\/wp\/v2\/product\/15348\/revisions\/15405"}],"wp:featuredmedia":[{"embeddable":true,"href":"https:\/\/hiip.hu\/de\/wp-json\/wp\/v2\/media\/15349"}],"wp:attachment":[{"href":"https:\/\/hiip.hu\/de\/wp-json\/wp\/v2\/media?parent=15348"}],"wp:term":[{"taxonomy":"product_brand","embeddable":true,"href":"https:\/\/hiip.hu\/de\/wp-json\/wp\/v2\/product_brand?post=15348"},{"taxonomy":"product_cat","embeddable":true,"href":"https:\/\/hiip.hu\/de\/wp-json\/wp\/v2\/product_cat?post=15348"},{"taxonomy":"product_tag","embeddable":true,"href":"https:\/\/hiip.hu\/de\/wp-json\/wp\/v2\/product_tag?post=15348"}],"curies":[{"name":"wp","href":"https:\/\/api.w.org\/{rel}","templated":true}]}}