{"id":14173,"date":"2025-02-27T14:00:18","date_gmt":"2025-02-27T14:00:18","guid":{"rendered":"https:\/\/hiip.hu\/?post_type=product&#038;p=14173"},"modified":"2026-04-01T16:28:58","modified_gmt":"2026-04-01T16:28:58","slug":"csipkebogyo-filteranyag","status":"publish","type":"product","link":"https:\/\/hiip.hu\/de\/produkt\/csipkebogyo-filteranyag\/","title":{"rendered":"Csipkebogy\u00f3-filteranyag"},"content":{"rendered":"<h3 class=\"\" data-start=\"238\" data-end=\"326\"><strong data-start=\"242\" data-end=\"326\">Mit v\u00e1rhatsz a csipkebogy\u00f3 filteranyagb\u00f3l k\u00e9sz\u00fclt tea rendszeres fogyaszt\u00e1s\u00e1t\u00f3l?<\/strong><\/h3>\n<p class=\"\" data-start=\"328\" data-end=\"714\">A csipkebogy\u00f3 filteranyag a term\u00e9szet erej\u00e9t \u00e9s a modern, fenntarthat\u00f3 feldolgoz\u00e1st egyes\u00edti egy sokoldal\u00faan hasznos\u00edthat\u00f3 gy\u00fcm\u00f6lcstea-alapanyagban. Az alacsony h\u0151m\u00e9rs\u00e9kleten \u0151r\u00f6lt, gondosan sz\u00e1r\u00edtott csipkebogy\u00f3-h\u00fas nemcsak kellemes \u00edzvil\u00e1got ny\u00fajt, de val\u00f3di funkcion\u00e1lis itall\u00e1 teszi a bel\u0151le k\u00e9sz\u00fclt te\u00e1t \u2013 vitaminokban, antioxid\u00e1nsokban \u00e9s gyullad\u00e1scs\u00f6kkent\u0151 hat\u00f3anyagokban gazdag.<\/p>\n<p data-start=\"328\" data-end=\"714\"><img fetchpriority=\"high\" decoding=\"async\" class=\"aligncenter wp-image-14166 size-full\" src=\"https:\/\/hiip.hu\/wp-content\/uploads\/2023\/07\/filter_compare-scaled.jpg\" alt=\"\" width=\"2560\" height=\"1440\" srcset=\"https:\/\/hiip.hu\/wp-content\/uploads\/2023\/07\/filter_compare-scaled.jpg 2560w, https:\/\/hiip.hu\/wp-content\/uploads\/2023\/07\/filter_compare-300x169.jpg 300w, https:\/\/hiip.hu\/wp-content\/uploads\/2023\/07\/filter_compare-1024x576.jpg 1024w, https:\/\/hiip.hu\/wp-content\/uploads\/2023\/07\/filter_compare-768x432.jpg 768w, https:\/\/hiip.hu\/wp-content\/uploads\/2023\/07\/filter_compare-1536x864.jpg 1536w, https:\/\/hiip.hu\/wp-content\/uploads\/2023\/07\/filter_compare-2048x1152.jpg 2048w, https:\/\/hiip.hu\/wp-content\/uploads\/2023\/07\/filter_compare-600x337.jpg 600w\" sizes=\"(max-width: 2560px) 100vw, 2560px\" \/><\/p>\n<h5 data-start=\"716\" data-end=\"987\">\ud83c\udf3f <strong data-start=\"719\" data-end=\"773\">Term\u00e9szetes C-vitamin bomba, immuner\u0151s\u00edt\u0151 hat\u00e1ssal<\/strong><\/h5>\n<p class=\"\" data-start=\"716\" data-end=\"987\">A csipkebogy\u00f3 h\u00fasa kiv\u00e9telesen gazdag term\u00e9szetes C-vitaminban, amely t\u00e1mogatja az immunrendszer m\u0171k\u00f6d\u00e9s\u00e9t, fokozza a szervezet ellen\u00e1ll\u00f3 k\u00e9pess\u00e9g\u00e9t, \u00e9s seg\u00edthet a fert\u0151z\u00e9sek megel\u0151z\u00e9s\u00e9ben a hideg h\u00f3napokban is.<\/p>\n<h5 data-start=\"989\" data-end=\"1338\">\ud83e\uddb4 <strong data-start=\"992\" data-end=\"1047\">Reum\u00e1s \u00e9s \u00edz\u00fcleti panaszok term\u00e9szetes kieg\u00e9sz\u00edt\u0151je<\/strong><\/h5>\n<p class=\"\" data-start=\"989\" data-end=\"1338\">Kutat\u00e1sok szerint a csipkebogy\u00f3 fogyaszt\u00e1sa hossz\u00fa t\u00e1von enyh\u00edtheti a reum\u00e1s f\u00e1jdalmakat \u00e9s a mozg\u00e1sszervi gyullad\u00e1sokat. A benne tal\u00e1lhat\u00f3 polifenolok \u00e9s galaktolipidek cs\u00f6kkenthetik az \u00edz\u00fcletek gyullad\u00e1sos folyamatait, \u00edgy ide\u00e1lis kieg\u00e9sz\u00edt\u0151je lehet a reum\u00e1s vagy artritiszes \u00e9trendnek.<\/p>\n<h5 data-start=\"1340\" data-end=\"1675\">\ud83d\udd25 <strong data-start=\"1343\" data-end=\"1380\">Gyullad\u00e1scs\u00f6kkent\u0151 hat\u00e1s bel\u00fclr\u0151l<\/strong><\/h5>\n<p class=\"\" data-start=\"1340\" data-end=\"1675\">A csipkebogy\u00f3 h\u00fas\u00e1nak rendszeres fogyaszt\u00e1sa hozz\u00e1j\u00e1rulhat a szervezet \u00e1ltal\u00e1nos gyullad\u00e1sszintj\u00e9nek m\u00e9rs\u00e9kl\u00e9s\u00e9hez. Legyen sz\u00f3 em\u00e9szt\u0151rendszeri irrit\u00e1ci\u00f3r\u00f3l, kr\u00f3nikus b\u0151rt\u00fcnetekr\u0151l vagy bels\u0151 gyullad\u00e1sos folyamatokr\u00f3l, a csipkebogy\u00f3 filtertea term\u00e9szetes m\u00f3don seg\u00edthet enyh\u00edteni a t\u00fcneteket.<\/p>\n<h5 data-start=\"1677\" data-end=\"2007\">\u267b\ufe0f <strong data-start=\"1680\" data-end=\"1750\">Fenntarthat\u00f3 technol\u00f3gi\u00e1val k\u00e9sz\u00fcl, minim\u00e1lis \u00f6kol\u00f3giai l\u00e1bnyommal<\/strong><\/h5>\n<p class=\"\" data-start=\"1677\" data-end=\"2007\">A csipkebogy\u00f3 filteranyag el\u0151\u00e1ll\u00edt\u00e1sa sor\u00e1n alacsony h\u0151m\u00e9rs\u00e9klet\u0171 \u0151rl\u0151g\u00e9peket \u00e9s dar\u00e1l\u00f3kat haszn\u00e1lunk, amelyeket napelemek \u00e1ltal termelt energia m\u0171k\u00f6dtet. \u00cdgy nemcsak a beltartalom marad \u00e9pen, hanem a feldolgoz\u00e1s is k\u00f6rnyezetbar\u00e1t \u2013 val\u00f3di z\u00f6ld megold\u00e1s.<\/p>\n<h5 data-start=\"2009\" data-end=\"2283\">\ud83c\udf43 <strong data-start=\"2012\" data-end=\"2058\">Em\u00e9szt\u00e9sbar\u00e1t, pektinben \u00e9s rostban gazdag<\/strong><\/h5>\n<p class=\"\" data-start=\"2009\" data-end=\"2283\">A csipkebogy\u00f3 magas rosttartalma seg\u00edti az em\u00e9szt\u00e9st, el\u0151ny\u00f6sen hat a b\u00e9lfl\u00f3r\u00e1ra, \u00e9s k\u00edm\u00e9letesen t\u00e1mogatja a b\u00e9lrendszer m\u0171k\u00f6d\u00e9s\u00e9t. Koffeinmentes, \u00edgy b\u00e1rmely napszakban fogyaszthat\u00f3, gyerekek \u00e9s id\u0151sek sz\u00e1m\u00e1ra is ide\u00e1lis.<\/p>\n<h5 data-start=\"2285\" data-end=\"2579\">\u2615 <strong data-start=\"2287\" data-end=\"2339\">\u00dcd\u00edt\u0151en savanyk\u00e1s tea\u00e9lm\u00e9ny term\u00e9szetes form\u00e1ban<\/strong><\/h5>\n<p class=\"\" data-start=\"2285\" data-end=\"2579\">A csipkebogy\u00f3 filteranyagb\u00f3l f\u0151z\u00f6tt tea friss, kiss\u00e9 savanyk\u00e1s karakter\u0171, melyet sokan mag\u00e1ban is sz\u00edvesen fogyasztanak. Ig\u00e9ny szerint \u00edzes\u00edthet\u0151 m\u00e9zzel, gy\u00f6mb\u00e9rrel vagy m\u00e1s gy\u00fcm\u00f6lcs\u00f6kkel \u2013 de m\u00e1r \u00f6nmag\u00e1ban is tartalmas \u00e9s j\u00f3t\u00e9kony ital.<\/p>\n<h5 data-start=\"2586\" data-end=\"2854\">\ud83d\udd01 <strong data-start=\"2589\" data-end=\"2609\">Hogyan haszn\u00e1ld?<\/strong><\/h5>\n<p class=\"\" data-start=\"2586\" data-end=\"2854\">Egy te\u00e1skan\u00e1lnyi filteranyagot ker\u00e1mia teatoj\u00e1sba vagy v\u00e1szonfilterbe t\u00f6ltve, k\u00e9zmeleg v\u00edzzel le\u00f6ntve 5\u201310 percig \u00e1ztatva k\u00e9sz\u00edtheted el. Naponta 1\u20132 cs\u00e9sze rendszeres fogyaszt\u00e1sa javasolt az immunrendszer, az \u00edz\u00fcletek \u00e9s az em\u00e9szt\u00e9s term\u00e9szetes t\u00e1mogat\u00e1s\u00e1ra.<\/p>","protected":false},"excerpt":{"rendered":"<p class=\"\" data-start=\"211\" data-end=\"570\">G\u00e9pi betakar\u00edt\u00e1ssal, de gondos ut\u00f3feldolgoz\u00e1ssal k\u00e9sz\u00fclt, pr\u00e9mium min\u0151s\u00e9g\u0171 csipkebogy\u00f3-pehely. A 38 \u00b0C-on v\u00e9gzett, meg\u00fajul\u00f3 energi\u00e1val m\u0171k\u00f6d\u0151 sz\u00e1r\u00edt\u00e1s meg\u0151rzi a gy\u00fcm\u00f6lcs term\u00e9szetes vitamin-, flavonoid- \u00e9s karotinoidtartalm\u00e1t. Ide\u00e1lis te\u00e1khoz, por\u00edt\u00e1sra vagy funkcion\u00e1lis \u00e9lelmiszerekhez.<\/p>","protected":false},"featured_media":15368,"template":"","meta":{"_monsterinsights_skip_tracking":false,"_monsterinsights_sitenote_active":false,"_monsterinsights_sitenote_note":"","_monsterinsights_sitenote_category":0,"_themeisle_gutenberg_block_has_review":false},"product_brand":[],"product_cat":[108],"product_tag":[],"class_list":{"0":"post-14173","1":"product","2":"type-product","3":"status-publish","4":"has-post-thumbnail","6":"product_cat-egeszsegtamogatas","8":"first","9":"instock","10":"shipping-taxable","11":"product-type-simple"},"_links":{"self":[{"href":"https:\/\/hiip.hu\/de\/wp-json\/wp\/v2\/product\/14173","targetHints":{"allow":["GET"]}}],"collection":[{"href":"https:\/\/hiip.hu\/de\/wp-json\/wp\/v2\/product"}],"about":[{"href":"https:\/\/hiip.hu\/de\/wp-json\/wp\/v2\/types\/product"}],"version-history":[{"count":2,"href":"https:\/\/hiip.hu\/de\/wp-json\/wp\/v2\/product\/14173\/revisions"}],"predecessor-version":[{"id":15212,"href":"https:\/\/hiip.hu\/de\/wp-json\/wp\/v2\/product\/14173\/revisions\/15212"}],"wp:featuredmedia":[{"embeddable":true,"href":"https:\/\/hiip.hu\/de\/wp-json\/wp\/v2\/media\/15368"}],"wp:attachment":[{"href":"https:\/\/hiip.hu\/de\/wp-json\/wp\/v2\/media?parent=14173"}],"wp:term":[{"taxonomy":"product_brand","embeddable":true,"href":"https:\/\/hiip.hu\/de\/wp-json\/wp\/v2\/product_brand?post=14173"},{"taxonomy":"product_cat","embeddable":true,"href":"https:\/\/hiip.hu\/de\/wp-json\/wp\/v2\/product_cat?post=14173"},{"taxonomy":"product_tag","embeddable":true,"href":"https:\/\/hiip.hu\/de\/wp-json\/wp\/v2\/product_tag?post=14173"}],"curies":[{"name":"wp","href":"https:\/\/api.w.org\/{rel}","templated":true}]}}